{"id":13230,"date":"2023-12-15T13:25:56","date_gmt":"2023-12-15T10:25:56","guid":{"rendered":"https:\/\/www.ufold.com.cy\/?page_id=13230"},"modified":"2023-12-19T13:08:51","modified_gmt":"2023-12-19T10:08:51","slug":"port-520","status":"publish","type":"page","link":"https:\/\/www.ufold.com.cy\/en\/port-520\/","title":{"rendered":"Warehouse for rent 520 sq. m."},"content":{"rendered":"<div id=\"pg-13230-0\"  class=\"panel-grid\" ><div class=\"panel-grid-core\"><div id=\"pgc-13230-0-0\"  class=\"panel-grid-cell  \" ><div class=\"panel-widget-style\" style=\"text-align: center !important;\" ><h2 style=\"font-style: normal;\"><span>R\u012bga, Sarkandaugava, Ilzenes iela 18<\/span><\/h2><\/div><div class=\"panel-widget-style\" ><div class=\"divider\"><\/div><\/div><\/div><\/div><\/div><div id=\"pg-13230-1\"  class=\"panel-grid\" ><div class=\"panel-grid-core\"><div id=\"pgc-13230-1-0\"  class=\"panel-grid-cell \" ><div class=\"panel-widget-style\" ><div class=\"textwidget\"><p>Rent of premises in the complex Ilzenes iel\u0101 18<br \/>\n(Gan\u012bbu dambis);<br \/>\nLong-term rental of premises;<br \/>\nArea: 510 m2;<br \/>\nFor warehouses and production;<br \/>\nPurpose of land use:<br \/>\nRent: EUR 2.49 \/ m2;<br \/>\nUnheated rooms, ceiling height 6, m;<br \/>\nCheap electricity (contract 2021);<br \/>\nRamps;<br \/>\nIts own railway line;<br \/>\nThe complex is located in a strategically advantageous location, distance to:<br \/>\nSeaport \u2013 1 min;<br \/>\nPassenger port \u2013 3 min;<br \/>\nRiga city center \u2013 5 min;<br \/>\nThe complex is within walking distance from public transport;<br \/>\nOn the territory of the complex there are: offices, warehouses and production facilities;<br \/>\nPart of the territory is a customs zone;<br \/>\nLoading and unloading services available;<br \/>\n24\/7 physical security;<br \/>\nOptical Internet;<br \/>\nService price: EUR 0.80 \u20ac\/m2 + utility bills;<\/p>\n<\/div><\/div><\/div><div id=\"pgc-13230-1-1\"  class=\"panel-grid-cell \" ><div class=\"panel-widget-style\" ><div class=\"textwidget\"><div>\n<div><strong>Object:<\/strong> warehouse<\/div>\n<\/div>\n<div><strong>Area:<\/strong> 1.800 m\u00b2<br \/>\n<strong>Floor:<\/strong> 1\/1<br \/>\n<strong>Plot:<\/strong> 3.08 hectares<br \/>\n<strong>Building:<\/strong> not specified<\/div>\n<div><\/div>\n<div><\/div>\n<div><span style=\"font-size: 18pt;\"><strong><span id=\"price\">Price: 1.270 EUR <\/span><span id=\"rel-price\">(2,49 EUR\/m\u00b2)<\/span><\/strong><\/span><\/div>\n<\/div><\/div><\/div><\/div><\/div><div id=\"pg-13230-2\"  class=\"panel-grid\" ><div class=\"panel-grid-core\"><div id=\"pgc-13230-2-0\"  class=\"panel-grid-cell \" ><div class=\"panel-widget-style\" ><div class=\"divider\"><\/div><\/div><\/div><\/div><\/div><div id=\"pg-13230-3\"  class=\"panel-grid\" ><div class=\"panel-grid-core\"><div id=\"pgc-13230-3-0\"  class=\"panel-grid-cell    \" ><div class=\"panel-widget-style\" style=\"text-align: center !important;\" ><h2 style=\"font-style: normal;\"><span>Photo gallery<\/span><\/h2><\/div><div class=\"panel-widget-style\" ><div class=\"divider\"><\/div><\/div><div class=\"panel-widget-style\" ><div class=\"textwidget\"><p>\n\t\t<style type=\"text\/css\">\n\t\t\t#gallery-1 {\n\t\t\t\tmargin: auto;\n\t\t\t}\n\t\t\t#gallery-1 .gallery-item {\n\t\t\t\tfloat: left;\n\t\t\t\tmargin-top: 10px;\n\t\t\t\ttext-align: center;\n\t\t\t\twidth: 25%;\n\t\t\t}\n\t\t\t#gallery-1 img {\n\t\t\t\tborder: 2px solid #cfcfcf;\n\t\t\t}\n\t\t\t#gallery-1 .gallery-caption {\n\t\t\t\tmargin-left: 0;\n\t\t\t}\n\t\t\t\/* see gallery_shortcode() in wp-includes\/media.php *\/\n\t\t<\/style>\n\t\t<div id='gallery-1' class='gallery galleryid-13230 gallery-columns-4 gallery-size-thumbnail'><dl class='gallery-item'>\n\t\t\t<dt class='gallery-icon landscape'>\n\t\t\t\t<a href='https:\/\/www.ufold.com.cy\/wp-content\/uploads\/2023\/12\/photo_10_2023-12-15_12-14-03.jpg'><img width=\"150\" height=\"150\" src=\"https:\/\/www.ufold.com.cy\/wp-content\/uploads\/2023\/12\/photo_10_2023-12-15_12-14-03-150x150.jpg\" class=\"attachment-thumbnail size-thumbnail\" alt=\"\" decoding=\"async\" loading=\"lazy\" \/><\/a>\n\t\t\t<\/dt><\/dl><dl class='gallery-item'>\n\t\t\t<dt class='gallery-icon landscape'>\n\t\t\t\t<a href='https:\/\/www.ufold.com.cy\/wp-content\/uploads\/2023\/12\/photo_9_2023-12-15_12-14-03.jpg'><img width=\"150\" height=\"150\" src=\"https:\/\/www.ufold.com.cy\/wp-content\/uploads\/2023\/12\/photo_9_2023-12-15_12-14-03-150x150.jpg\" class=\"attachment-thumbnail size-thumbnail\" alt=\"\" decoding=\"async\" loading=\"lazy\" \/><\/a>\n\t\t\t<\/dt><\/dl><dl class='gallery-item'>\n\t\t\t<dt class='gallery-icon landscape'>\n\t\t\t\t<a href='https:\/\/www.ufold.com.cy\/wp-content\/uploads\/2023\/12\/photo_8_2023-12-15_12-14-03.jpg'><img width=\"150\" height=\"150\" src=\"https:\/\/www.ufold.com.cy\/wp-content\/uploads\/2023\/12\/photo_8_2023-12-15_12-14-03-150x150.jpg\" class=\"attachment-thumbnail size-thumbnail\" alt=\"\" decoding=\"async\" loading=\"lazy\" \/><\/a>\n\t\t\t<\/dt><\/dl><dl class='gallery-item'>\n\t\t\t<dt class='gallery-icon landscape'>\n\t\t\t\t<a href='https:\/\/www.ufold.com.cy\/wp-content\/uploads\/2023\/12\/photo_7_2023-12-15_12-14-03.jpg'><img width=\"150\" height=\"150\" src=\"https:\/\/www.ufold.com.cy\/wp-content\/uploads\/2023\/12\/photo_7_2023-12-15_12-14-03-150x150.jpg\" class=\"attachment-thumbnail size-thumbnail\" alt=\"\" decoding=\"async\" loading=\"lazy\" \/><\/a>\n\t\t\t<\/dt><\/dl><br style=\"clear: both\" \/><dl class='gallery-item'>\n\t\t\t<dt class='gallery-icon landscape'>\n\t\t\t\t<a href='https:\/\/www.ufold.com.cy\/wp-content\/uploads\/2023\/12\/photo_6_2023-12-15_12-14-03.jpg'><img width=\"150\" height=\"150\" src=\"https:\/\/www.ufold.com.cy\/wp-content\/uploads\/2023\/12\/photo_6_2023-12-15_12-14-03-150x150.jpg\" class=\"attachment-thumbnail size-thumbnail\" alt=\"\" decoding=\"async\" loading=\"lazy\" \/><\/a>\n\t\t\t<\/dt><\/dl><dl class='gallery-item'>\n\t\t\t<dt class='gallery-icon landscape'>\n\t\t\t\t<a href='https:\/\/www.ufold.com.cy\/wp-content\/uploads\/2023\/12\/photo_5_2023-12-15_12-14-03.jpg'><img width=\"150\" height=\"150\" src=\"https:\/\/www.ufold.com.cy\/wp-content\/uploads\/2023\/12\/photo_5_2023-12-15_12-14-03-150x150.jpg\" class=\"attachment-thumbnail size-thumbnail\" alt=\"\" decoding=\"async\" loading=\"lazy\" \/><\/a>\n\t\t\t<\/dt><\/dl><dl class='gallery-item'>\n\t\t\t<dt class='gallery-icon landscape'>\n\t\t\t\t<a href='https:\/\/www.ufold.com.cy\/wp-content\/uploads\/2023\/12\/photo_4_2023-12-15_12-14-03.jpg'><img width=\"150\" height=\"150\" src=\"https:\/\/www.ufold.com.cy\/wp-content\/uploads\/2023\/12\/photo_4_2023-12-15_12-14-03-150x150.jpg\" class=\"attachment-thumbnail size-thumbnail\" alt=\"\" decoding=\"async\" loading=\"lazy\" \/><\/a>\n\t\t\t<\/dt><\/dl><dl class='gallery-item'>\n\t\t\t<dt class='gallery-icon landscape'>\n\t\t\t\t<a href='https:\/\/www.ufold.com.cy\/wp-content\/uploads\/2023\/12\/photo_3_2023-12-15_12-14-03.jpg'><img width=\"150\" height=\"150\" src=\"https:\/\/www.ufold.com.cy\/wp-content\/uploads\/2023\/12\/photo_3_2023-12-15_12-14-03-150x150.jpg\" class=\"attachment-thumbnail size-thumbnail\" alt=\"\" decoding=\"async\" loading=\"lazy\" \/><\/a>\n\t\t\t<\/dt><\/dl><br style=\"clear: both\" \/><dl class='gallery-item'>\n\t\t\t<dt class='gallery-icon landscape'>\n\t\t\t\t<a href='https:\/\/www.ufold.com.cy\/wp-content\/uploads\/2023\/12\/photo_2_2023-12-15_12-14-03.jpg'><img width=\"150\" height=\"150\" src=\"https:\/\/www.ufold.com.cy\/wp-content\/uploads\/2023\/12\/photo_2_2023-12-15_12-14-03-150x150.jpg\" class=\"attachment-thumbnail size-thumbnail\" alt=\"\" decoding=\"async\" loading=\"lazy\" \/><\/a>\n\t\t\t<\/dt><\/dl><dl class='gallery-item'>\n\t\t\t<dt class='gallery-icon landscape'>\n\t\t\t\t<a href='https:\/\/www.ufold.com.cy\/wp-content\/uploads\/2023\/12\/photo_1_2023-12-15_12-14-03.jpg'><img width=\"150\" height=\"150\" src=\"https:\/\/www.ufold.com.cy\/wp-content\/uploads\/2023\/12\/photo_1_2023-12-15_12-14-03-150x150.jpg\" class=\"attachment-thumbnail size-thumbnail\" alt=\"\" decoding=\"async\" loading=\"lazy\" \/><\/a>\n\t\t\t<\/dt><\/dl><dl class='gallery-item'>\n\t\t\t<dt class='gallery-icon landscape'>\n\t\t\t\t<a href='https:\/\/www.ufold.com.cy\/wp-content\/uploads\/2023\/12\/photo_2023-12-15_12-28-29.jpg'><img width=\"150\" height=\"150\" src=\"https:\/\/www.ufold.com.cy\/wp-content\/uploads\/2023\/12\/photo_2023-12-15_12-28-29-150x150.jpg\" class=\"attachment-thumbnail size-thumbnail\" alt=\"\" decoding=\"async\" loading=\"lazy\" \/><\/a>\n\t\t\t<\/dt><\/dl>\n\t\t\t<br style='clear: both' \/>\n\t\t<\/div>\n<\/p>\n<\/div><\/div><div class=\"panel-widget-style\" ><div class=\"divider\"><\/div><\/div><\/div><\/div><\/div>","protected":false},"excerpt":{"rendered":"<p>R\u012bga, Sarkandaugava, Ilzenes iela 18Rent of premises in the complex Ilzenes iel\u0101 18 (Gan\u012bbu dambis); Long-term rental of premises; Area: 510 m2; For warehouses and production; Purpose of land use: Rent: EUR 2.49 \/ m2; Unheated rooms, ceiling height 6, m; Cheap electricity (contract 2021); Ramps; Its own railway line; The complex is located in [&hellip;]<\/p>\n","protected":false},"author":1,"featured_media":0,"parent":0,"menu_order":0,"comment_status":"closed","ping_status":"closed","template":"","meta":{"footnotes":""},"categories":[],"tags":[],"_links":{"self":[{"href":"https:\/\/www.ufold.com.cy\/en\/wp-json\/wp\/v2\/pages\/13230"}],"collection":[{"href":"https:\/\/www.ufold.com.cy\/en\/wp-json\/wp\/v2\/pages"}],"about":[{"href":"https:\/\/www.ufold.com.cy\/en\/wp-json\/wp\/v2\/types\/page"}],"author":[{"embeddable":true,"href":"https:\/\/www.ufold.com.cy\/en\/wp-json\/wp\/v2\/users\/1"}],"replies":[{"embeddable":true,"href":"https:\/\/www.ufold.com.cy\/en\/wp-json\/wp\/v2\/comments?post=13230"}],"version-history":[{"count":10,"href":"https:\/\/www.ufold.com.cy\/en\/wp-json\/wp\/v2\/pages\/13230\/revisions"}],"predecessor-version":[{"id":13257,"href":"https:\/\/www.ufold.com.cy\/en\/wp-json\/wp\/v2\/pages\/13230\/revisions\/13257"}],"wp:attachment":[{"href":"https:\/\/www.ufold.com.cy\/en\/wp-json\/wp\/v2\/media?parent=13230"}],"wp:term":[{"taxonomy":"category","embeddable":true,"href":"https:\/\/www.ufold.com.cy\/en\/wp-json\/wp\/v2\/categories?post=13230"},{"taxonomy":"post_tag","embeddable":true,"href":"https:\/\/www.ufold.com.cy\/en\/wp-json\/wp\/v2\/tags?post=13230"}],"curies":[{"name":"wp","href":"https:\/\/api.w.org\/{rel}","templated":true}]}}